{"id":2311,"date":"2023-03-21T08:55:37","date_gmt":"2023-03-21T07:55:37","guid":{"rendered":"https:\/\/wicam-stiftung.com\/bildung\/"},"modified":"2024-06-02T21:01:16","modified_gmt":"2024-06-02T19:01:16","slug":"formation","status":"publish","type":"page","link":"https:\/\/wicam-stiftung.com\/fr\/formation\/","title":{"rendered":"Formation"},"content":{"rendered":"","protected":false},"excerpt":{"rendered":"","protected":false},"author":2,"featured_media":0,"parent":0,"menu_order":0,"comment_status":"closed","ping_status":"closed","template":"templates\/flexible.php","meta":{"_acf_changed":false,"footnotes":""},"class_list":["post-2311","page","type-page","status-publish","hentry"],"acf":[],"yoast_head":"<!-- This site is optimized with the Yoast SEO plugin v26.5 - https:\/\/yoast.com\/wordpress\/plugins\/seo\/ -->\n<title>Formation \u2022 WiCAM Stiftung \u2022 Logiciel et recherche<\/title>\n<meta name=\"description\" content=\"Gr\u00e2ce \u00e0 nos programmes de bourses, nous contribuons \u00e0 d\u00e9velopper le potentiel des jeunes talents et \u00e0 leur donner la possibilit\u00e9 de d\u00e9velopper leurs connaissances et leurs comp\u00e9tences.\" \/>\n<meta name=\"robots\" content=\"index, follow, max-snippet:-1, max-image-preview:large, max-video-preview:-1\" \/>\n<link rel=\"canonical\" href=\"https:\/\/wicam-stiftung.com\/fr\/formation\/\" \/>\n<meta property=\"og:locale\" content=\"fr_FR\" \/>\n<meta property=\"og:type\" content=\"article\" \/>\n<meta property=\"og:title\" content=\"Formation \u2022 WiCAM Stiftung \u2022 Logiciel et recherche\" \/>\n<meta property=\"og:description\" content=\"Gr\u00e2ce \u00e0 nos programmes de bourses, nous contribuons \u00e0 d\u00e9velopper le potentiel des jeunes talents et \u00e0 leur donner la possibilit\u00e9 de d\u00e9velopper leurs connaissances et leurs comp\u00e9tences.\" \/>\n<meta property=\"og:url\" content=\"https:\/\/wicam-stiftung.com\/fr\/formation\/\" \/>\n<meta property=\"og:site_name\" content=\"WiCAM Stiftung\" \/>\n<meta property=\"article:modified_time\" content=\"2024-06-02T19:01:16+00:00\" \/>\n<meta name=\"twitter:card\" content=\"summary_large_image\" \/>\n<meta name=\"twitter:label1\" content=\"Dur\u00e9e de lecture estim\u00e9e\" \/>\n\t<meta name=\"twitter:data1\" content=\"5 minutes\" \/>\n<script type=\"application\/ld+json\" class=\"yoast-schema-graph\">{\"@context\":\"https:\/\/schema.org\",\"@graph\":[{\"@type\":\"WebPage\",\"@id\":\"https:\/\/wicam-stiftung.com\/fr\/formation\/\",\"url\":\"https:\/\/wicam-stiftung.com\/fr\/formation\/\",\"name\":\"Formation \u2022 WiCAM Stiftung \u2022 Logiciel et recherche\",\"isPartOf\":{\"@id\":\"https:\/\/wicam-stiftung.com\/fr\/#website\"},\"datePublished\":\"2023-03-21T07:55:37+00:00\",\"dateModified\":\"2024-06-02T19:01:16+00:00\",\"description\":\"Gr\u00e2ce \u00e0 nos programmes de bourses, nous contribuons \u00e0 d\u00e9velopper le potentiel des jeunes talents et \u00e0 leur donner la possibilit\u00e9 de d\u00e9velopper leurs connaissances et leurs comp\u00e9tences.\",\"breadcrumb\":{\"@id\":\"https:\/\/wicam-stiftung.com\/fr\/formation\/#breadcrumb\"},\"inLanguage\":\"fr-FR\",\"potentialAction\":[{\"@type\":\"ReadAction\",\"target\":[\"https:\/\/wicam-stiftung.com\/fr\/formation\/\"]}]},{\"@type\":\"BreadcrumbList\",\"@id\":\"https:\/\/wicam-stiftung.com\/fr\/formation\/#breadcrumb\",\"itemListElement\":[{\"@type\":\"ListItem\",\"position\":1,\"name\":\"Startseite\",\"item\":\"https:\/\/wicam-stiftung.com\/fr\/\"},{\"@type\":\"ListItem\",\"position\":2,\"name\":\"Formation\"}]},{\"@type\":\"WebSite\",\"@id\":\"https:\/\/wicam-stiftung.com\/fr\/#website\",\"url\":\"https:\/\/wicam-stiftung.com\/fr\/\",\"name\":\"WiCAM Stiftung\",\"description\":\"\",\"potentialAction\":[{\"@type\":\"SearchAction\",\"target\":{\"@type\":\"EntryPoint\",\"urlTemplate\":\"https:\/\/wicam-stiftung.com\/fr\/?s={search_term_string}\"},\"query-input\":{\"@type\":\"PropertyValueSpecification\",\"valueRequired\":true,\"valueName\":\"search_term_string\"}}],\"inLanguage\":\"fr-FR\"}]}<\/script>\n<!-- \/ Yoast SEO plugin. -->","yoast_head_json":{"title":"Formation \u2022 WiCAM Stiftung \u2022 Logiciel et recherche","description":"Gr\u00e2ce \u00e0 nos programmes de bourses, nous contribuons \u00e0 d\u00e9velopper le potentiel des jeunes talents et \u00e0 leur donner la possibilit\u00e9 de d\u00e9velopper leurs connaissances et leurs comp\u00e9tences.","robots":{"index":"index","follow":"follow","max-snippet":"max-snippet:-1","max-image-preview":"max-image-preview:large","max-video-preview":"max-video-preview:-1"},"canonical":"https:\/\/wicam-stiftung.com\/fr\/formation\/","og_locale":"fr_FR","og_type":"article","og_title":"Formation \u2022 WiCAM Stiftung \u2022 Logiciel et recherche","og_description":"Gr\u00e2ce \u00e0 nos programmes de bourses, nous contribuons \u00e0 d\u00e9velopper le potentiel des jeunes talents et \u00e0 leur donner la possibilit\u00e9 de d\u00e9velopper leurs connaissances et leurs comp\u00e9tences.","og_url":"https:\/\/wicam-stiftung.com\/fr\/formation\/","og_site_name":"WiCAM Stiftung","article_modified_time":"2024-06-02T19:01:16+00:00","twitter_card":"summary_large_image","twitter_misc":{"Dur\u00e9e de lecture estim\u00e9e":"5 minutes"},"schema":{"@context":"https:\/\/schema.org","@graph":[{"@type":"WebPage","@id":"https:\/\/wicam-stiftung.com\/fr\/formation\/","url":"https:\/\/wicam-stiftung.com\/fr\/formation\/","name":"Formation \u2022 WiCAM Stiftung \u2022 Logiciel et recherche","isPartOf":{"@id":"https:\/\/wicam-stiftung.com\/fr\/#website"},"datePublished":"2023-03-21T07:55:37+00:00","dateModified":"2024-06-02T19:01:16+00:00","description":"Gr\u00e2ce \u00e0 nos programmes de bourses, nous contribuons \u00e0 d\u00e9velopper le potentiel des jeunes talents et \u00e0 leur donner la possibilit\u00e9 de d\u00e9velopper leurs connaissances et leurs comp\u00e9tences.","breadcrumb":{"@id":"https:\/\/wicam-stiftung.com\/fr\/formation\/#breadcrumb"},"inLanguage":"fr-FR","potentialAction":[{"@type":"ReadAction","target":["https:\/\/wicam-stiftung.com\/fr\/formation\/"]}]},{"@type":"BreadcrumbList","@id":"https:\/\/wicam-stiftung.com\/fr\/formation\/#breadcrumb","itemListElement":[{"@type":"ListItem","position":1,"name":"Startseite","item":"https:\/\/wicam-stiftung.com\/fr\/"},{"@type":"ListItem","position":2,"name":"Formation"}]},{"@type":"WebSite","@id":"https:\/\/wicam-stiftung.com\/fr\/#website","url":"https:\/\/wicam-stiftung.com\/fr\/","name":"WiCAM Stiftung","description":"","potentialAction":[{"@type":"SearchAction","target":{"@type":"EntryPoint","urlTemplate":"https:\/\/wicam-stiftung.com\/fr\/?s={search_term_string}"},"query-input":{"@type":"PropertyValueSpecification","valueRequired":true,"valueName":"search_term_string"}}],"inLanguage":"fr-FR"}]}},"_links":{"self":[{"href":"https:\/\/wicam-stiftung.com\/fr\/wp-json\/wp\/v2\/pages\/2311","targetHints":{"allow":["GET"]}}],"collection":[{"href":"https:\/\/wicam-stiftung.com\/fr\/wp-json\/wp\/v2\/pages"}],"about":[{"href":"https:\/\/wicam-stiftung.com\/fr\/wp-json\/wp\/v2\/types\/page"}],"author":[{"embeddable":true,"href":"https:\/\/wicam-stiftung.com\/fr\/wp-json\/wp\/v2\/users\/2"}],"replies":[{"embeddable":true,"href":"https:\/\/wicam-stiftung.com\/fr\/wp-json\/wp\/v2\/comments?post=2311"}],"version-history":[{"count":7,"href":"https:\/\/wicam-stiftung.com\/fr\/wp-json\/wp\/v2\/pages\/2311\/revisions"}],"predecessor-version":[{"id":2503,"href":"https:\/\/wicam-stiftung.com\/fr\/wp-json\/wp\/v2\/pages\/2311\/revisions\/2503"}],"wp:attachment":[{"href":"https:\/\/wicam-stiftung.com\/fr\/wp-json\/wp\/v2\/media?parent=2311"}],"curies":[{"name":"wp","href":"https:\/\/api.w.org\/{rel}","templated":true}]}}