{"id":2334,"date":"2023-03-21T08:58:10","date_gmt":"2023-03-21T07:58:10","guid":{"rendered":"https:\/\/wicam-stiftung.com\/forschung-entwicklung\/"},"modified":"2024-06-02T20:43:30","modified_gmt":"2024-06-02T18:43:30","slug":"recherche-et-developpement","status":"publish","type":"page","link":"https:\/\/wicam-stiftung.com\/fr\/recherche-et-developpement\/","title":{"rendered":"Recherche et d\u00e9veloppement"},"content":{"rendered":"","protected":false},"excerpt":{"rendered":"","protected":false},"author":2,"featured_media":0,"parent":0,"menu_order":0,"comment_status":"closed","ping_status":"closed","template":"templates\/flexible.php","meta":{"_acf_changed":false,"footnotes":""},"class_list":["post-2334","page","type-page","status-publish","hentry"],"acf":[],"yoast_head":"<!-- This site is optimized with the Yoast SEO plugin v26.5 - https:\/\/yoast.com\/wordpress\/plugins\/seo\/ -->\n<title>Recherche et d\u00e9veloppement \u2022 WiCAM Stiftung \u2022 Logiciel et recherche<\/title>\n<meta name=\"description\" content=\"La promotion des technologies innovantes est une priorit\u00e9 importante de la fondation WiCAM, car elles peuvent contribuer de mani\u00e8re significative \u00e0 l&#039;am\u00e9lioration de l&#039;efficacit\u00e9 et de la comp\u00e9titivit\u00e9 des entreprises.\" \/>\n<meta name=\"robots\" content=\"index, follow, max-snippet:-1, max-image-preview:large, max-video-preview:-1\" \/>\n<link rel=\"canonical\" href=\"https:\/\/wicam-stiftung.com\/fr\/recherche-et-developpement\/\" \/>\n<meta property=\"og:locale\" content=\"fr_FR\" \/>\n<meta property=\"og:type\" content=\"article\" \/>\n<meta property=\"og:title\" content=\"Recherche et d\u00e9veloppement \u2022 WiCAM Stiftung \u2022 Logiciel et recherche\" \/>\n<meta property=\"og:description\" content=\"La promotion des technologies innovantes est une priorit\u00e9 importante de la fondation WiCAM, car elles peuvent contribuer de mani\u00e8re significative \u00e0 l&#039;am\u00e9lioration de l&#039;efficacit\u00e9 et de la comp\u00e9titivit\u00e9 des entreprises.\" \/>\n<meta property=\"og:url\" content=\"https:\/\/wicam-stiftung.com\/fr\/recherche-et-developpement\/\" \/>\n<meta property=\"og:site_name\" content=\"WiCAM Stiftung\" \/>\n<meta property=\"article:modified_time\" content=\"2024-06-02T18:43:30+00:00\" \/>\n<meta name=\"twitter:card\" content=\"summary_large_image\" \/>\n<meta name=\"twitter:label1\" content=\"Dur\u00e9e de lecture estim\u00e9e\" \/>\n\t<meta name=\"twitter:data1\" content=\"3 minutes\" \/>\n<script type=\"application\/ld+json\" class=\"yoast-schema-graph\">{\"@context\":\"https:\/\/schema.org\",\"@graph\":[{\"@type\":\"WebPage\",\"@id\":\"https:\/\/wicam-stiftung.com\/fr\/recherche-et-developpement\/\",\"url\":\"https:\/\/wicam-stiftung.com\/fr\/recherche-et-developpement\/\",\"name\":\"Recherche et d\u00e9veloppement \u2022 WiCAM Stiftung \u2022 Logiciel et recherche\",\"isPartOf\":{\"@id\":\"https:\/\/wicam-stiftung.com\/fr\/#website\"},\"datePublished\":\"2023-03-21T07:58:10+00:00\",\"dateModified\":\"2024-06-02T18:43:30+00:00\",\"description\":\"La promotion des technologies innovantes est une priorit\u00e9 importante de la fondation WiCAM, car elles peuvent contribuer de mani\u00e8re significative \u00e0 l'am\u00e9lioration de l'efficacit\u00e9 et de la comp\u00e9titivit\u00e9 des entreprises.\",\"breadcrumb\":{\"@id\":\"https:\/\/wicam-stiftung.com\/fr\/recherche-et-developpement\/#breadcrumb\"},\"inLanguage\":\"fr-FR\",\"potentialAction\":[{\"@type\":\"ReadAction\",\"target\":[\"https:\/\/wicam-stiftung.com\/fr\/recherche-et-developpement\/\"]}]},{\"@type\":\"BreadcrumbList\",\"@id\":\"https:\/\/wicam-stiftung.com\/fr\/recherche-et-developpement\/#breadcrumb\",\"itemListElement\":[{\"@type\":\"ListItem\",\"position\":1,\"name\":\"Startseite\",\"item\":\"https:\/\/wicam-stiftung.com\/fr\/\"},{\"@type\":\"ListItem\",\"position\":2,\"name\":\"Recherche et d\u00e9veloppement\"}]},{\"@type\":\"WebSite\",\"@id\":\"https:\/\/wicam-stiftung.com\/fr\/#website\",\"url\":\"https:\/\/wicam-stiftung.com\/fr\/\",\"name\":\"WiCAM Stiftung\",\"description\":\"\",\"potentialAction\":[{\"@type\":\"SearchAction\",\"target\":{\"@type\":\"EntryPoint\",\"urlTemplate\":\"https:\/\/wicam-stiftung.com\/fr\/?s={search_term_string}\"},\"query-input\":{\"@type\":\"PropertyValueSpecification\",\"valueRequired\":true,\"valueName\":\"search_term_string\"}}],\"inLanguage\":\"fr-FR\"}]}<\/script>\n<!-- \/ Yoast SEO plugin. -->","yoast_head_json":{"title":"Recherche et d\u00e9veloppement \u2022 WiCAM Stiftung \u2022 Logiciel et recherche","description":"La promotion des technologies innovantes est une priorit\u00e9 importante de la fondation WiCAM, car elles peuvent contribuer de mani\u00e8re significative \u00e0 l'am\u00e9lioration de l'efficacit\u00e9 et de la comp\u00e9titivit\u00e9 des entreprises.","robots":{"index":"index","follow":"follow","max-snippet":"max-snippet:-1","max-image-preview":"max-image-preview:large","max-video-preview":"max-video-preview:-1"},"canonical":"https:\/\/wicam-stiftung.com\/fr\/recherche-et-developpement\/","og_locale":"fr_FR","og_type":"article","og_title":"Recherche et d\u00e9veloppement \u2022 WiCAM Stiftung \u2022 Logiciel et recherche","og_description":"La promotion des technologies innovantes est une priorit\u00e9 importante de la fondation WiCAM, car elles peuvent contribuer de mani\u00e8re significative \u00e0 l'am\u00e9lioration de l'efficacit\u00e9 et de la comp\u00e9titivit\u00e9 des entreprises.","og_url":"https:\/\/wicam-stiftung.com\/fr\/recherche-et-developpement\/","og_site_name":"WiCAM Stiftung","article_modified_time":"2024-06-02T18:43:30+00:00","twitter_card":"summary_large_image","twitter_misc":{"Dur\u00e9e de lecture estim\u00e9e":"3 minutes"},"schema":{"@context":"https:\/\/schema.org","@graph":[{"@type":"WebPage","@id":"https:\/\/wicam-stiftung.com\/fr\/recherche-et-developpement\/","url":"https:\/\/wicam-stiftung.com\/fr\/recherche-et-developpement\/","name":"Recherche et d\u00e9veloppement \u2022 WiCAM Stiftung \u2022 Logiciel et recherche","isPartOf":{"@id":"https:\/\/wicam-stiftung.com\/fr\/#website"},"datePublished":"2023-03-21T07:58:10+00:00","dateModified":"2024-06-02T18:43:30+00:00","description":"La promotion des technologies innovantes est une priorit\u00e9 importante de la fondation WiCAM, car elles peuvent contribuer de mani\u00e8re significative \u00e0 l'am\u00e9lioration de l'efficacit\u00e9 et de la comp\u00e9titivit\u00e9 des entreprises.","breadcrumb":{"@id":"https:\/\/wicam-stiftung.com\/fr\/recherche-et-developpement\/#breadcrumb"},"inLanguage":"fr-FR","potentialAction":[{"@type":"ReadAction","target":["https:\/\/wicam-stiftung.com\/fr\/recherche-et-developpement\/"]}]},{"@type":"BreadcrumbList","@id":"https:\/\/wicam-stiftung.com\/fr\/recherche-et-developpement\/#breadcrumb","itemListElement":[{"@type":"ListItem","position":1,"name":"Startseite","item":"https:\/\/wicam-stiftung.com\/fr\/"},{"@type":"ListItem","position":2,"name":"Recherche et d\u00e9veloppement"}]},{"@type":"WebSite","@id":"https:\/\/wicam-stiftung.com\/fr\/#website","url":"https:\/\/wicam-stiftung.com\/fr\/","name":"WiCAM Stiftung","description":"","potentialAction":[{"@type":"SearchAction","target":{"@type":"EntryPoint","urlTemplate":"https:\/\/wicam-stiftung.com\/fr\/?s={search_term_string}"},"query-input":{"@type":"PropertyValueSpecification","valueRequired":true,"valueName":"search_term_string"}}],"inLanguage":"fr-FR"}]}},"_links":{"self":[{"href":"https:\/\/wicam-stiftung.com\/fr\/wp-json\/wp\/v2\/pages\/2334","targetHints":{"allow":["GET"]}}],"collection":[{"href":"https:\/\/wicam-stiftung.com\/fr\/wp-json\/wp\/v2\/pages"}],"about":[{"href":"https:\/\/wicam-stiftung.com\/fr\/wp-json\/wp\/v2\/types\/page"}],"author":[{"embeddable":true,"href":"https:\/\/wicam-stiftung.com\/fr\/wp-json\/wp\/v2\/users\/2"}],"replies":[{"embeddable":true,"href":"https:\/\/wicam-stiftung.com\/fr\/wp-json\/wp\/v2\/comments?post=2334"}],"version-history":[{"count":6,"href":"https:\/\/wicam-stiftung.com\/fr\/wp-json\/wp\/v2\/pages\/2334\/revisions"}],"predecessor-version":[{"id":2491,"href":"https:\/\/wicam-stiftung.com\/fr\/wp-json\/wp\/v2\/pages\/2334\/revisions\/2491"}],"wp:attachment":[{"href":"https:\/\/wicam-stiftung.com\/fr\/wp-json\/wp\/v2\/media?parent=2334"}],"curies":[{"name":"wp","href":"https:\/\/api.w.org\/{rel}","templated":true}]}}