{"id":2338,"date":"2023-03-21T08:52:38","date_gmt":"2023-03-21T07:52:38","guid":{"rendered":"https:\/\/wicam-stiftung.com\/geschichte\/"},"modified":"2024-06-02T20:35:34","modified_gmt":"2024-06-02T18:35:34","slug":"histoire","status":"publish","type":"page","link":"https:\/\/wicam-stiftung.com\/fr\/histoire\/","title":{"rendered":"Histoire"},"content":{"rendered":"","protected":false},"excerpt":{"rendered":"","protected":false},"author":2,"featured_media":0,"parent":0,"menu_order":0,"comment_status":"closed","ping_status":"closed","template":"templates\/flexible.php","meta":{"_acf_changed":false,"footnotes":""},"class_list":["post-2338","page","type-page","status-publish","hentry"],"acf":[],"yoast_head":"<!-- This site is optimized with the Yoast SEO plugin v26.5 - https:\/\/yoast.com\/wordpress\/plugins\/seo\/ -->\n<title>Histoire \u2022 WiCAM Stiftung \u2022 Software &amp; Forschung<\/title>\n<meta name=\"description\" content=\"Sa frustration, au milieu des ann\u00e9es 80, face au processus chronophage de programmation des machines CNC, l&#039;a conduit \u00e0 d\u00e9velopper des algorithmes capables de g\u00e9n\u00e9rer automatiquement des textes CN pour les machines CNC.\" \/>\n<meta name=\"robots\" content=\"index, follow, max-snippet:-1, max-image-preview:large, max-video-preview:-1\" \/>\n<link rel=\"canonical\" href=\"https:\/\/wicam-stiftung.com\/fr\/histoire\/\" \/>\n<meta property=\"og:locale\" content=\"fr_FR\" \/>\n<meta property=\"og:type\" content=\"article\" \/>\n<meta property=\"og:title\" content=\"Histoire \u2022 WiCAM Stiftung \u2022 Software &amp; Forschung\" \/>\n<meta property=\"og:description\" content=\"Sa frustration, au milieu des ann\u00e9es 80, face au processus chronophage de programmation des machines CNC, l&#039;a conduit \u00e0 d\u00e9velopper des algorithmes capables de g\u00e9n\u00e9rer automatiquement des textes CN pour les machines CNC.\" \/>\n<meta property=\"og:url\" content=\"https:\/\/wicam-stiftung.com\/fr\/histoire\/\" \/>\n<meta property=\"og:site_name\" content=\"WiCAM Stiftung\" \/>\n<meta property=\"article:modified_time\" content=\"2024-06-02T18:35:34+00:00\" \/>\n<meta name=\"twitter:card\" content=\"summary_large_image\" \/>\n<meta name=\"twitter:label1\" content=\"Dur\u00e9e de lecture estim\u00e9e\" \/>\n\t<meta name=\"twitter:data1\" content=\"6 minutes\" \/>\n<script type=\"application\/ld+json\" class=\"yoast-schema-graph\">{\"@context\":\"https:\/\/schema.org\",\"@graph\":[{\"@type\":\"WebPage\",\"@id\":\"https:\/\/wicam-stiftung.com\/fr\/histoire\/\",\"url\":\"https:\/\/wicam-stiftung.com\/fr\/histoire\/\",\"name\":\"Histoire \u2022 WiCAM Stiftung \u2022 Software & Forschung\",\"isPartOf\":{\"@id\":\"https:\/\/wicam-stiftung.com\/fr\/#website\"},\"datePublished\":\"2023-03-21T07:52:38+00:00\",\"dateModified\":\"2024-06-02T18:35:34+00:00\",\"description\":\"Sa frustration, au milieu des ann\u00e9es 80, face au processus chronophage de programmation des machines CNC, l'a conduit \u00e0 d\u00e9velopper des algorithmes capables de g\u00e9n\u00e9rer automatiquement des textes CN pour les machines CNC.\",\"breadcrumb\":{\"@id\":\"https:\/\/wicam-stiftung.com\/fr\/histoire\/#breadcrumb\"},\"inLanguage\":\"fr-FR\",\"potentialAction\":[{\"@type\":\"ReadAction\",\"target\":[\"https:\/\/wicam-stiftung.com\/fr\/histoire\/\"]}]},{\"@type\":\"BreadcrumbList\",\"@id\":\"https:\/\/wicam-stiftung.com\/fr\/histoire\/#breadcrumb\",\"itemListElement\":[{\"@type\":\"ListItem\",\"position\":1,\"name\":\"Startseite\",\"item\":\"https:\/\/wicam-stiftung.com\/fr\/\"},{\"@type\":\"ListItem\",\"position\":2,\"name\":\"Histoire\"}]},{\"@type\":\"WebSite\",\"@id\":\"https:\/\/wicam-stiftung.com\/fr\/#website\",\"url\":\"https:\/\/wicam-stiftung.com\/fr\/\",\"name\":\"WiCAM Stiftung\",\"description\":\"\",\"potentialAction\":[{\"@type\":\"SearchAction\",\"target\":{\"@type\":\"EntryPoint\",\"urlTemplate\":\"https:\/\/wicam-stiftung.com\/fr\/?s={search_term_string}\"},\"query-input\":{\"@type\":\"PropertyValueSpecification\",\"valueRequired\":true,\"valueName\":\"search_term_string\"}}],\"inLanguage\":\"fr-FR\"}]}<\/script>\n<!-- \/ Yoast SEO plugin. -->","yoast_head_json":{"title":"Histoire \u2022 WiCAM Stiftung \u2022 Software & Forschung","description":"Sa frustration, au milieu des ann\u00e9es 80, face au processus chronophage de programmation des machines CNC, l'a conduit \u00e0 d\u00e9velopper des algorithmes capables de g\u00e9n\u00e9rer automatiquement des textes CN pour les machines CNC.","robots":{"index":"index","follow":"follow","max-snippet":"max-snippet:-1","max-image-preview":"max-image-preview:large","max-video-preview":"max-video-preview:-1"},"canonical":"https:\/\/wicam-stiftung.com\/fr\/histoire\/","og_locale":"fr_FR","og_type":"article","og_title":"Histoire \u2022 WiCAM Stiftung \u2022 Software & Forschung","og_description":"Sa frustration, au milieu des ann\u00e9es 80, face au processus chronophage de programmation des machines CNC, l'a conduit \u00e0 d\u00e9velopper des algorithmes capables de g\u00e9n\u00e9rer automatiquement des textes CN pour les machines CNC.","og_url":"https:\/\/wicam-stiftung.com\/fr\/histoire\/","og_site_name":"WiCAM Stiftung","article_modified_time":"2024-06-02T18:35:34+00:00","twitter_card":"summary_large_image","twitter_misc":{"Dur\u00e9e de lecture estim\u00e9e":"6 minutes"},"schema":{"@context":"https:\/\/schema.org","@graph":[{"@type":"WebPage","@id":"https:\/\/wicam-stiftung.com\/fr\/histoire\/","url":"https:\/\/wicam-stiftung.com\/fr\/histoire\/","name":"Histoire \u2022 WiCAM Stiftung \u2022 Software & Forschung","isPartOf":{"@id":"https:\/\/wicam-stiftung.com\/fr\/#website"},"datePublished":"2023-03-21T07:52:38+00:00","dateModified":"2024-06-02T18:35:34+00:00","description":"Sa frustration, au milieu des ann\u00e9es 80, face au processus chronophage de programmation des machines CNC, l'a conduit \u00e0 d\u00e9velopper des algorithmes capables de g\u00e9n\u00e9rer automatiquement des textes CN pour les machines CNC.","breadcrumb":{"@id":"https:\/\/wicam-stiftung.com\/fr\/histoire\/#breadcrumb"},"inLanguage":"fr-FR","potentialAction":[{"@type":"ReadAction","target":["https:\/\/wicam-stiftung.com\/fr\/histoire\/"]}]},{"@type":"BreadcrumbList","@id":"https:\/\/wicam-stiftung.com\/fr\/histoire\/#breadcrumb","itemListElement":[{"@type":"ListItem","position":1,"name":"Startseite","item":"https:\/\/wicam-stiftung.com\/fr\/"},{"@type":"ListItem","position":2,"name":"Histoire"}]},{"@type":"WebSite","@id":"https:\/\/wicam-stiftung.com\/fr\/#website","url":"https:\/\/wicam-stiftung.com\/fr\/","name":"WiCAM Stiftung","description":"","potentialAction":[{"@type":"SearchAction","target":{"@type":"EntryPoint","urlTemplate":"https:\/\/wicam-stiftung.com\/fr\/?s={search_term_string}"},"query-input":{"@type":"PropertyValueSpecification","valueRequired":true,"valueName":"search_term_string"}}],"inLanguage":"fr-FR"}]}},"_links":{"self":[{"href":"https:\/\/wicam-stiftung.com\/fr\/wp-json\/wp\/v2\/pages\/2338","targetHints":{"allow":["GET"]}}],"collection":[{"href":"https:\/\/wicam-stiftung.com\/fr\/wp-json\/wp\/v2\/pages"}],"about":[{"href":"https:\/\/wicam-stiftung.com\/fr\/wp-json\/wp\/v2\/types\/page"}],"author":[{"embeddable":true,"href":"https:\/\/wicam-stiftung.com\/fr\/wp-json\/wp\/v2\/users\/2"}],"replies":[{"embeddable":true,"href":"https:\/\/wicam-stiftung.com\/fr\/wp-json\/wp\/v2\/comments?post=2338"}],"version-history":[{"count":5,"href":"https:\/\/wicam-stiftung.com\/fr\/wp-json\/wp\/v2\/pages\/2338\/revisions"}],"predecessor-version":[{"id":2483,"href":"https:\/\/wicam-stiftung.com\/fr\/wp-json\/wp\/v2\/pages\/2338\/revisions\/2483"}],"wp:attachment":[{"href":"https:\/\/wicam-stiftung.com\/fr\/wp-json\/wp\/v2\/media?parent=2338"}],"curies":[{"name":"wp","href":"https:\/\/api.w.org\/{rel}","templated":true}]}}