{"id":2351,"date":"2023-03-21T08:54:26","date_gmt":"2023-03-21T07:54:26","guid":{"rendered":"https:\/\/wicam-stiftung.com\/lebenswerk\/"},"modified":"2024-06-02T20:38:50","modified_gmt":"2024-06-02T18:38:50","slug":"loeuvre-dune-vie","status":"publish","type":"page","link":"https:\/\/wicam-stiftung.com\/fr\/loeuvre-dune-vie\/","title":{"rendered":"L&rsquo;\u0153uvre d&rsquo;une vie"},"content":{"rendered":"","protected":false},"excerpt":{"rendered":"","protected":false},"author":2,"featured_media":0,"parent":0,"menu_order":0,"comment_status":"closed","ping_status":"closed","template":"templates\/flexible.php","meta":{"_acf_changed":false,"footnotes":""},"class_list":["post-2351","page","type-page","status-publish","hentry"],"acf":[],"yoast_head":"<!-- This site is optimized with the Yoast SEO plugin v26.5 - https:\/\/yoast.com\/wordpress\/plugins\/seo\/ -->\n<title>L&#039;\u0153uvre d&#039;une vie \u2022 WiCAM Stiftung \u2022 Logiciel et recherche<\/title>\n<meta name=\"description\" content=\"En 1994, le PN4000, le premier syst\u00e8me CAO\/FAO universel bas\u00e9 sur la 3D au monde, est lanc\u00e9 sur le march\u00e9, ce qui marque le d\u00e9but de la croissance interne et de l&#039;expansion mondiale.\" \/>\n<meta name=\"robots\" content=\"index, follow, max-snippet:-1, max-image-preview:large, max-video-preview:-1\" \/>\n<link rel=\"canonical\" href=\"https:\/\/wicam-stiftung.com\/fr\/loeuvre-dune-vie\/\" \/>\n<meta property=\"og:locale\" content=\"fr_FR\" \/>\n<meta property=\"og:type\" content=\"article\" \/>\n<meta property=\"og:title\" content=\"L&#039;\u0153uvre d&#039;une vie \u2022 WiCAM Stiftung \u2022 Logiciel et recherche\" \/>\n<meta property=\"og:description\" content=\"En 1994, le PN4000, le premier syst\u00e8me CAO\/FAO universel bas\u00e9 sur la 3D au monde, est lanc\u00e9 sur le march\u00e9, ce qui marque le d\u00e9but de la croissance interne et de l&#039;expansion mondiale.\" \/>\n<meta property=\"og:url\" content=\"https:\/\/wicam-stiftung.com\/fr\/loeuvre-dune-vie\/\" \/>\n<meta property=\"og:site_name\" content=\"WiCAM Stiftung\" \/>\n<meta property=\"article:modified_time\" content=\"2024-06-02T18:38:50+00:00\" \/>\n<meta name=\"twitter:card\" content=\"summary_large_image\" \/>\n<meta name=\"twitter:label1\" content=\"Dur\u00e9e de lecture estim\u00e9e\" \/>\n\t<meta name=\"twitter:data1\" content=\"8 minutes\" \/>\n<script type=\"application\/ld+json\" class=\"yoast-schema-graph\">{\"@context\":\"https:\/\/schema.org\",\"@graph\":[{\"@type\":\"WebPage\",\"@id\":\"https:\/\/wicam-stiftung.com\/fr\/loeuvre-dune-vie\/\",\"url\":\"https:\/\/wicam-stiftung.com\/fr\/loeuvre-dune-vie\/\",\"name\":\"L'\u0153uvre d'une vie \u2022 WiCAM Stiftung \u2022 Logiciel et recherche\",\"isPartOf\":{\"@id\":\"https:\/\/wicam-stiftung.com\/fr\/#website\"},\"datePublished\":\"2023-03-21T07:54:26+00:00\",\"dateModified\":\"2024-06-02T18:38:50+00:00\",\"description\":\"En 1994, le PN4000, le premier syst\u00e8me CAO\/FAO universel bas\u00e9 sur la 3D au monde, est lanc\u00e9 sur le march\u00e9, ce qui marque le d\u00e9but de la croissance interne et de l'expansion mondiale.\",\"breadcrumb\":{\"@id\":\"https:\/\/wicam-stiftung.com\/fr\/loeuvre-dune-vie\/#breadcrumb\"},\"inLanguage\":\"fr-FR\",\"potentialAction\":[{\"@type\":\"ReadAction\",\"target\":[\"https:\/\/wicam-stiftung.com\/fr\/loeuvre-dune-vie\/\"]}]},{\"@type\":\"BreadcrumbList\",\"@id\":\"https:\/\/wicam-stiftung.com\/fr\/loeuvre-dune-vie\/#breadcrumb\",\"itemListElement\":[{\"@type\":\"ListItem\",\"position\":1,\"name\":\"Startseite\",\"item\":\"https:\/\/wicam-stiftung.com\/fr\/\"},{\"@type\":\"ListItem\",\"position\":2,\"name\":\"L&#8217;\u0153uvre d&#8217;une vie\"}]},{\"@type\":\"WebSite\",\"@id\":\"https:\/\/wicam-stiftung.com\/fr\/#website\",\"url\":\"https:\/\/wicam-stiftung.com\/fr\/\",\"name\":\"WiCAM Stiftung\",\"description\":\"\",\"potentialAction\":[{\"@type\":\"SearchAction\",\"target\":{\"@type\":\"EntryPoint\",\"urlTemplate\":\"https:\/\/wicam-stiftung.com\/fr\/?s={search_term_string}\"},\"query-input\":{\"@type\":\"PropertyValueSpecification\",\"valueRequired\":true,\"valueName\":\"search_term_string\"}}],\"inLanguage\":\"fr-FR\"}]}<\/script>\n<!-- \/ Yoast SEO plugin. -->","yoast_head_json":{"title":"L'\u0153uvre d'une vie \u2022 WiCAM Stiftung \u2022 Logiciel et recherche","description":"En 1994, le PN4000, le premier syst\u00e8me CAO\/FAO universel bas\u00e9 sur la 3D au monde, est lanc\u00e9 sur le march\u00e9, ce qui marque le d\u00e9but de la croissance interne et de l'expansion mondiale.","robots":{"index":"index","follow":"follow","max-snippet":"max-snippet:-1","max-image-preview":"max-image-preview:large","max-video-preview":"max-video-preview:-1"},"canonical":"https:\/\/wicam-stiftung.com\/fr\/loeuvre-dune-vie\/","og_locale":"fr_FR","og_type":"article","og_title":"L'\u0153uvre d'une vie \u2022 WiCAM Stiftung \u2022 Logiciel et recherche","og_description":"En 1994, le PN4000, le premier syst\u00e8me CAO\/FAO universel bas\u00e9 sur la 3D au monde, est lanc\u00e9 sur le march\u00e9, ce qui marque le d\u00e9but de la croissance interne et de l'expansion mondiale.","og_url":"https:\/\/wicam-stiftung.com\/fr\/loeuvre-dune-vie\/","og_site_name":"WiCAM Stiftung","article_modified_time":"2024-06-02T18:38:50+00:00","twitter_card":"summary_large_image","twitter_misc":{"Dur\u00e9e de lecture estim\u00e9e":"8 minutes"},"schema":{"@context":"https:\/\/schema.org","@graph":[{"@type":"WebPage","@id":"https:\/\/wicam-stiftung.com\/fr\/loeuvre-dune-vie\/","url":"https:\/\/wicam-stiftung.com\/fr\/loeuvre-dune-vie\/","name":"L'\u0153uvre d'une vie \u2022 WiCAM Stiftung \u2022 Logiciel et recherche","isPartOf":{"@id":"https:\/\/wicam-stiftung.com\/fr\/#website"},"datePublished":"2023-03-21T07:54:26+00:00","dateModified":"2024-06-02T18:38:50+00:00","description":"En 1994, le PN4000, le premier syst\u00e8me CAO\/FAO universel bas\u00e9 sur la 3D au monde, est lanc\u00e9 sur le march\u00e9, ce qui marque le d\u00e9but de la croissance interne et de l'expansion mondiale.","breadcrumb":{"@id":"https:\/\/wicam-stiftung.com\/fr\/loeuvre-dune-vie\/#breadcrumb"},"inLanguage":"fr-FR","potentialAction":[{"@type":"ReadAction","target":["https:\/\/wicam-stiftung.com\/fr\/loeuvre-dune-vie\/"]}]},{"@type":"BreadcrumbList","@id":"https:\/\/wicam-stiftung.com\/fr\/loeuvre-dune-vie\/#breadcrumb","itemListElement":[{"@type":"ListItem","position":1,"name":"Startseite","item":"https:\/\/wicam-stiftung.com\/fr\/"},{"@type":"ListItem","position":2,"name":"L&#8217;\u0153uvre d&#8217;une vie"}]},{"@type":"WebSite","@id":"https:\/\/wicam-stiftung.com\/fr\/#website","url":"https:\/\/wicam-stiftung.com\/fr\/","name":"WiCAM Stiftung","description":"","potentialAction":[{"@type":"SearchAction","target":{"@type":"EntryPoint","urlTemplate":"https:\/\/wicam-stiftung.com\/fr\/?s={search_term_string}"},"query-input":{"@type":"PropertyValueSpecification","valueRequired":true,"valueName":"search_term_string"}}],"inLanguage":"fr-FR"}]}},"_links":{"self":[{"href":"https:\/\/wicam-stiftung.com\/fr\/wp-json\/wp\/v2\/pages\/2351","targetHints":{"allow":["GET"]}}],"collection":[{"href":"https:\/\/wicam-stiftung.com\/fr\/wp-json\/wp\/v2\/pages"}],"about":[{"href":"https:\/\/wicam-stiftung.com\/fr\/wp-json\/wp\/v2\/types\/page"}],"author":[{"embeddable":true,"href":"https:\/\/wicam-stiftung.com\/fr\/wp-json\/wp\/v2\/users\/2"}],"replies":[{"embeddable":true,"href":"https:\/\/wicam-stiftung.com\/fr\/wp-json\/wp\/v2\/comments?post=2351"}],"version-history":[{"count":5,"href":"https:\/\/wicam-stiftung.com\/fr\/wp-json\/wp\/v2\/pages\/2351\/revisions"}],"predecessor-version":[{"id":2486,"href":"https:\/\/wicam-stiftung.com\/fr\/wp-json\/wp\/v2\/pages\/2351\/revisions\/2486"}],"wp:attachment":[{"href":"https:\/\/wicam-stiftung.com\/fr\/wp-json\/wp\/v2\/media?parent=2351"}],"curies":[{"name":"wp","href":"https:\/\/api.w.org\/{rel}","templated":true}]}}