{"id":2365,"date":"2022-12-20T01:09:12","date_gmt":"2022-12-20T00:09:12","guid":{"rendered":"https:\/\/wicam-stiftung.com\/startseite\/"},"modified":"2024-06-02T21:03:52","modified_gmt":"2024-06-02T19:03:52","slug":"startseite","status":"publish","type":"page","link":"https:\/\/wicam-stiftung.com\/fr\/","title":{"rendered":"Page d&rsquo;accueil"},"content":{"rendered":"","protected":false},"excerpt":{"rendered":"","protected":false},"author":1,"featured_media":0,"parent":0,"menu_order":0,"comment_status":"closed","ping_status":"closed","template":"templates\/start.php","meta":{"_acf_changed":false,"footnotes":""},"class_list":["post-2365","page","type-page","status-publish","hentry"],"acf":[],"yoast_head":"<!-- This site is optimized with the Yoast SEO plugin v26.5 - https:\/\/yoast.com\/wordpress\/plugins\/seo\/ -->\n<title>WiCAM Stiftung \u2022 Logiciel et recherche<\/title>\n<meta name=\"description\" content=\"Apr\u00e8s une courte maladie, M. Wilkesmann est d\u00e9c\u00e9d\u00e9 en 2017 - ses derni\u00e8res volont\u00e9s ont \u00e9t\u00e9 respect\u00e9es et l&#039;actuelle fondation WiCAM \u00e9tait n\u00e9e.\" \/>\n<meta name=\"robots\" content=\"index, follow, max-snippet:-1, max-image-preview:large, max-video-preview:-1\" \/>\n<link rel=\"canonical\" href=\"https:\/\/wicam-stiftung.com\/fr\/\" \/>\n<meta property=\"og:locale\" content=\"fr_FR\" \/>\n<meta property=\"og:type\" content=\"article\" \/>\n<meta property=\"og:title\" content=\"WiCAM Stiftung \u2022 Logiciel et recherche\" \/>\n<meta property=\"og:description\" content=\"Apr\u00e8s une courte maladie, M. Wilkesmann est d\u00e9c\u00e9d\u00e9 en 2017 - ses derni\u00e8res volont\u00e9s ont \u00e9t\u00e9 respect\u00e9es et l&#039;actuelle fondation WiCAM \u00e9tait n\u00e9e.\" \/>\n<meta property=\"og:url\" content=\"https:\/\/wicam-stiftung.com\/fr\/\" \/>\n<meta property=\"og:site_name\" content=\"WiCAM Stiftung\" \/>\n<meta property=\"article:modified_time\" content=\"2024-06-02T19:03:52+00:00\" \/>\n<meta name=\"twitter:card\" content=\"summary_large_image\" \/>\n<meta name=\"twitter:label1\" content=\"Dur\u00e9e de lecture estim\u00e9e\" \/>\n\t<meta name=\"twitter:data1\" content=\"5 minutes\" \/>\n<script type=\"application\/ld+json\" class=\"yoast-schema-graph\">{\"@context\":\"https:\/\/schema.org\",\"@graph\":[{\"@type\":\"WebPage\",\"@id\":\"https:\/\/wicam-stiftung.com\/fr\/\",\"url\":\"https:\/\/wicam-stiftung.com\/fr\/\",\"name\":\"WiCAM Stiftung \u2022 Logiciel et recherche\",\"isPartOf\":{\"@id\":\"https:\/\/wicam-stiftung.com\/fr\/#website\"},\"datePublished\":\"2022-12-20T00:09:12+00:00\",\"dateModified\":\"2024-06-02T19:03:52+00:00\",\"description\":\"Apr\u00e8s une courte maladie, M. Wilkesmann est d\u00e9c\u00e9d\u00e9 en 2017 - ses derni\u00e8res volont\u00e9s ont \u00e9t\u00e9 respect\u00e9es et l'actuelle fondation WiCAM \u00e9tait n\u00e9e.\",\"breadcrumb\":{\"@id\":\"https:\/\/wicam-stiftung.com\/fr\/#breadcrumb\"},\"inLanguage\":\"fr-FR\",\"potentialAction\":[{\"@type\":\"ReadAction\",\"target\":[\"https:\/\/wicam-stiftung.com\/fr\/\"]}]},{\"@type\":\"BreadcrumbList\",\"@id\":\"https:\/\/wicam-stiftung.com\/fr\/#breadcrumb\",\"itemListElement\":[{\"@type\":\"ListItem\",\"position\":1,\"name\":\"Startseite\",\"item\":\"https:\/\/wicam-stiftung.com\/fr\/\"},{\"@type\":\"ListItem\",\"position\":2,\"name\":\"Page d&#8217;accueil\"}]},{\"@type\":\"WebSite\",\"@id\":\"https:\/\/wicam-stiftung.com\/fr\/#website\",\"url\":\"https:\/\/wicam-stiftung.com\/fr\/\",\"name\":\"WiCAM Stiftung\",\"description\":\"\",\"potentialAction\":[{\"@type\":\"SearchAction\",\"target\":{\"@type\":\"EntryPoint\",\"urlTemplate\":\"https:\/\/wicam-stiftung.com\/fr\/?s={search_term_string}\"},\"query-input\":{\"@type\":\"PropertyValueSpecification\",\"valueRequired\":true,\"valueName\":\"search_term_string\"}}],\"inLanguage\":\"fr-FR\"}]}<\/script>\n<!-- \/ Yoast SEO plugin. -->","yoast_head_json":{"title":"WiCAM Stiftung \u2022 Logiciel et recherche","description":"Apr\u00e8s une courte maladie, M. Wilkesmann est d\u00e9c\u00e9d\u00e9 en 2017 - ses derni\u00e8res volont\u00e9s ont \u00e9t\u00e9 respect\u00e9es et l'actuelle fondation WiCAM \u00e9tait n\u00e9e.","robots":{"index":"index","follow":"follow","max-snippet":"max-snippet:-1","max-image-preview":"max-image-preview:large","max-video-preview":"max-video-preview:-1"},"canonical":"https:\/\/wicam-stiftung.com\/fr\/","og_locale":"fr_FR","og_type":"article","og_title":"WiCAM Stiftung \u2022 Logiciel et recherche","og_description":"Apr\u00e8s une courte maladie, M. Wilkesmann est d\u00e9c\u00e9d\u00e9 en 2017 - ses derni\u00e8res volont\u00e9s ont \u00e9t\u00e9 respect\u00e9es et l'actuelle fondation WiCAM \u00e9tait n\u00e9e.","og_url":"https:\/\/wicam-stiftung.com\/fr\/","og_site_name":"WiCAM Stiftung","article_modified_time":"2024-06-02T19:03:52+00:00","twitter_card":"summary_large_image","twitter_misc":{"Dur\u00e9e de lecture estim\u00e9e":"5 minutes"},"schema":{"@context":"https:\/\/schema.org","@graph":[{"@type":"WebPage","@id":"https:\/\/wicam-stiftung.com\/fr\/","url":"https:\/\/wicam-stiftung.com\/fr\/","name":"WiCAM Stiftung \u2022 Logiciel et recherche","isPartOf":{"@id":"https:\/\/wicam-stiftung.com\/fr\/#website"},"datePublished":"2022-12-20T00:09:12+00:00","dateModified":"2024-06-02T19:03:52+00:00","description":"Apr\u00e8s une courte maladie, M. Wilkesmann est d\u00e9c\u00e9d\u00e9 en 2017 - ses derni\u00e8res volont\u00e9s ont \u00e9t\u00e9 respect\u00e9es et l'actuelle fondation WiCAM \u00e9tait n\u00e9e.","breadcrumb":{"@id":"https:\/\/wicam-stiftung.com\/fr\/#breadcrumb"},"inLanguage":"fr-FR","potentialAction":[{"@type":"ReadAction","target":["https:\/\/wicam-stiftung.com\/fr\/"]}]},{"@type":"BreadcrumbList","@id":"https:\/\/wicam-stiftung.com\/fr\/#breadcrumb","itemListElement":[{"@type":"ListItem","position":1,"name":"Startseite","item":"https:\/\/wicam-stiftung.com\/fr\/"},{"@type":"ListItem","position":2,"name":"Page d&#8217;accueil"}]},{"@type":"WebSite","@id":"https:\/\/wicam-stiftung.com\/fr\/#website","url":"https:\/\/wicam-stiftung.com\/fr\/","name":"WiCAM Stiftung","description":"","potentialAction":[{"@type":"SearchAction","target":{"@type":"EntryPoint","urlTemplate":"https:\/\/wicam-stiftung.com\/fr\/?s={search_term_string}"},"query-input":{"@type":"PropertyValueSpecification","valueRequired":true,"valueName":"search_term_string"}}],"inLanguage":"fr-FR"}]}},"_links":{"self":[{"href":"https:\/\/wicam-stiftung.com\/fr\/wp-json\/wp\/v2\/pages\/2365","targetHints":{"allow":["GET"]}}],"collection":[{"href":"https:\/\/wicam-stiftung.com\/fr\/wp-json\/wp\/v2\/pages"}],"about":[{"href":"https:\/\/wicam-stiftung.com\/fr\/wp-json\/wp\/v2\/types\/page"}],"author":[{"embeddable":true,"href":"https:\/\/wicam-stiftung.com\/fr\/wp-json\/wp\/v2\/users\/1"}],"replies":[{"embeddable":true,"href":"https:\/\/wicam-stiftung.com\/fr\/wp-json\/wp\/v2\/comments?post=2365"}],"version-history":[{"count":7,"href":"https:\/\/wicam-stiftung.com\/fr\/wp-json\/wp\/v2\/pages\/2365\/revisions"}],"predecessor-version":[{"id":2505,"href":"https:\/\/wicam-stiftung.com\/fr\/wp-json\/wp\/v2\/pages\/2365\/revisions\/2505"}],"wp:attachment":[{"href":"https:\/\/wicam-stiftung.com\/fr\/wp-json\/wp\/v2\/media?parent=2365"}],"curies":[{"name":"wp","href":"https:\/\/api.w.org\/{rel}","templated":true}]}}